{"id":45,"date":"2024-04-16T19:40:51","date_gmt":"2024-04-16T19:40:51","guid":{"rendered":"https:\/\/mytergo.com\/?page_id=45"},"modified":"2024-06-17T22:47:39","modified_gmt":"2024-06-17T22:47:39","slug":"nosotros","status":"publish","type":"page","link":"https:\/\/mytergo.com\/en\/nosotros\/","title":{"rendered":"About us"},"content":{"rendered":"<p>[et_pb_section fb_built=&#8221;1&#8243; admin_label=&#8221;About&#8221; _builder_version=&#8221;4.22.0&#8243; _module_preset=&#8221;default&#8221; custom_padding=&#8221;||6px|||&#8221; locked=&#8221;off&#8221; collapsed=&#8221;on&#8221; global_colors_info=&#8221;{}&#8221;][et_pb_row _builder_version=&#8221;4.22.0&#8243; _module_preset=&#8221;default&#8221; custom_padding=&#8221;||2px|||&#8221; global_colors_info=&#8221;{}&#8221;][et_pb_column type=&#8221;4_4&#8243; _builder_version=&#8221;4.22.0&#8243; _module_preset=&#8221;default&#8221; global_colors_info=&#8221;{}&#8221;][et_pb_text _builder_version=&#8221;4.25.0&#8243; _module_preset=&#8221;ce80ac23-51e0-480a-a5d6-7fb87cbfb06e&#8221; header_font=&#8221;Noto Serif|700|||||||&#8221; custom_margin=&#8221;||10px||false|false&#8221; header_text_align_tablet=&#8221;center&#8221; header_text_align_phone=&#8221;center&#8221; header_text_align_last_edited=&#8221;on|desktop&#8221; header_font_size_phone=&#8221;35px&#8221; global_colors_info=&#8221;{}&#8221;]<\/p>\n<h1>Sobre Tergo<\/h1>\n<p>[\/et_pb_text][\/et_pb_column][\/et_pb_row][et_pb_row column_structure=&#8221;1_3,2_3&#8243; _builder_version=&#8221;4.25.0&#8243; _module_preset=&#8221;default&#8221; custom_padding=&#8221;||43px|||&#8221; global_colors_info=&#8221;{}&#8221;][et_pb_column type=&#8221;1_3&#8243; _builder_version=&#8221;4.22.0&#8243; _module_preset=&#8221;default&#8221; global_colors_info=&#8221;{}&#8221;][et_pb_code _builder_version=&#8221;4.25.0&#8243; _module_preset=&#8221;default&#8221; width_tablet=&#8221;65%&#8221; width_phone=&#8221;100%&#8221; width_last_edited=&#8221;on|phone&#8221; module_alignment=&#8221;center&#8221; module_alignment_tablet=&#8221;center&#8221; module_alignment_phone=&#8221;center&#8221; module_alignment_last_edited=&#8221;on|tablet&#8221; border_radii=&#8221;on|24px|24px|24px|24px&#8221; global_colors_info=&#8221;{}&#8221;]<iframe loading=\"lazy\" width=\"475\" height=\"845\" src=\"https:\/\/www.youtube.com\/embed\/xOD8f2_7DjE\" title=\"MyTergo user guide. Ergonomic towel attachment - folding lounger - innovative backrest\" frameborder=\"0\" allow=\"accelerometer; autoplay; clipboard-write; encrypted-media; gyroscope; picture-in-picture; web-share\" referrerpolicy=\"strict-origin-when-cross-origin\" allowfullscreen><\/iframe>[\/et_pb_code][\/et_pb_column][et_pb_column type=&#8221;2_3&#8243; _builder_version=&#8221;4.22.0&#8243; _module_preset=&#8221;default&#8221; global_colors_info=&#8221;{}&#8221;][et_pb_text _builder_version=&#8221;4.25.0&#8243; _module_preset=&#8221;9bdcd2ba-16d5-4e28-96c9-b41b51b02b75&#8243; header_2_font=&#8221;Noto Serif|700|||||||&#8221; header_2_font_size=&#8221;30px&#8221; custom_margin=&#8221;||10px||false|false&#8221; global_colors_info=&#8221;{}&#8221;]<\/p>\n<h2>Llevamos tu experiencia de descanso al siguiente nivel<\/h2>\n<p>[\/et_pb_text][et_pb_text _builder_version=&#8221;4.24.3&#8243; _module_preset=&#8221;de80beb3-c895-4148-9d49-792db2782d09&#8243; global_colors_info=&#8221;{}&#8221;]<\/p>\n<p>\u00bfEst\u00e1s listo para transformar tu momento de relajaci\u00f3n con un accesorio innovador y exclusivo?<\/p>\n<p>TERGO es m\u00e1s que un simple accesorio; es tu compa\u00f1ero de descanso perfecto. Dise\u00f1ado meticulosamente para fusionarse sin esfuerzo con tu toalla, TERGO eleva tu comodidad a nuevas alturas al proporcionar un respaldo o tumbona ergon\u00f3micamente \u00f3ptimos. Imagina disfrutar de la m\u00e1xima relajaci\u00f3n en cualquier lugar, ya sea en la playa, en el jard\u00edn o junto a la piscina.<\/p>\n<p>Nuestro compromiso con la calidad es evidente en cada detalle de TERGO. Fabricado con materiales naturales de alta calidad, TERGO es durable y ligero, pesando solo 950 gramos. Su dise\u00f1o plegable lo hace f\u00e1cil de transportar, permiti\u00e9ndote llevarlo contigo a donde quiera que vayas.<\/p>\n<p>[\/et_pb_text][\/et_pb_column][\/et_pb_row][et_pb_row _builder_version=&#8221;4.22.0&#8243; _module_preset=&#8221;default&#8221; global_colors_info=&#8221;{}&#8221;][et_pb_column type=&#8221;4_4&#8243; _builder_version=&#8221;4.22.0&#8243; _module_preset=&#8221;default&#8221; global_colors_info=&#8221;{}&#8221;][et_pb_text _builder_version=&#8221;4.25.0&#8243; _module_preset=&#8221;9bdcd2ba-16d5-4e28-96c9-b41b51b02b75&#8243; header_2_font=&#8221;Noto Serif|700|||||||&#8221; header_2_font_size=&#8221;35px&#8221; custom_margin=&#8221;||10px||false|false&#8221; header_2_font_size_phone=&#8221;30px&#8221; global_colors_info=&#8221;{}&#8221;]<\/p>\n<h2>\u00bfPor qu\u00e9 elegirnos?<\/h2>\n<p>[\/et_pb_text][et_pb_text _builder_version=&#8221;4.25.0&#8243; _module_preset=&#8221;de80beb3-c895-4148-9d49-792db2782d09&#8243; custom_margin=&#8221;33px||70px||false|false&#8221; global_colors_info=&#8221;{}&#8221;]<\/p>\n<h3><strong>Comodidad Inigualable<\/strong><\/h3>\n<p>Con TERGO, experimenta la m\u00e1xima comodidad en cada momento de descanso. Nuestro dise\u00f1o inteligente y ergon\u00f3mico garantiza un soporte \u00f3ptimo para tu espalda, transformando tu simple toalla en una experiencia de relajaci\u00f3n sin igual.<strong><\/strong><\/p>\n<p>&nbsp;<\/p>\n<h3><strong>Calidad Garantizada<\/strong><\/h3>\n<p>Fabricado con materiales naturales de alta calidad, TERGO no solo es durable, sino que tambi\u00e9n es ligero y f\u00e1cil de transportar. Con TERGO, puedes confiar en la calidad excepcional que te brinda confort duradero en todas tus aventuras.<\/p>\n<p>&nbsp;<\/p>\n<h3><strong>Durabilidad<\/strong><\/h3>\n<p>Para una experiencia de descanso superior y duradera, hemos incorporado uniones robustas y tornillos antioxidantes. Estos detalles no solo mejoran la durabilidad del producto, sino que tambi\u00e9n garantizan su resistencia en diversas condiciones. Conf\u00eda en nosotros para proporcionar la m\u00e1xima comodidad y calidad en cada momento de relajaci\u00f3n. Mejora tu descanso con nuestro accesorio perfecto para tus momentos de relax. Si tienes alguna pregunta, cont\u00e1ctanos. Gracias por elegirnos.<\/p>\n<p>&nbsp;<\/p>\n<h3><strong>Versatilidad sin L\u00edmites<\/strong><\/h3>\n<p>Desde la playa hasta el jard\u00edn y la piscina, TERGO se adapta a cualquier entorno para brindarte comodidad sin restricciones. Su dise\u00f1o plegable y sus dimensiones compactas lo convierten en el compa\u00f1ero perfecto para tus momentos de descanso en cualquier lugar.<\/p>\n<p>Elige TERGO y eleva tu experiencia de descanso al siguiente nivel.<\/p>\n<p>&nbsp;<\/p>\n<p>&nbsp;<\/p>\n<p>&nbsp;<\/p>\n<p>[\/et_pb_text][et_pb_video src=&#8221;https:\/\/www.youtube.com\/watch?v=LVa17uafX98&#8243; image_src=&#8221;https:\/\/mytergo.com\/wp-content\/uploads\/2024\/04\/soluciones-de-espacio-sin-editar-092-scaled.jpg&#8221; play_icon_color=&#8221;#E02B20&#8243; use_icon_font_size=&#8221;on&#8221; icon_font_size=&#8221;120px&#8221; icon_font_size_tablet=&#8221;80px&#8221; icon_font_size_phone=&#8221;80px&#8221; icon_font_size_last_edited=&#8221;on|tablet&#8221; _builder_version=&#8221;4.25.0&#8243; _module_preset=&#8221;default&#8221; border_radii=&#8221;on|15px|15px|15px|15px&#8221; box_shadow_style=&#8221;preset1&#8243; global_colors_info=&#8221;{}&#8221;][\/et_pb_video][\/et_pb_column][\/et_pb_row][\/et_pb_section]<\/p>\n","protected":false},"excerpt":{"rendered":"<p>Sobre TergoLlevamos tu experiencia de descanso al siguiente nivel\u00bfEst\u00e1s listo para transformar tu momento de relajaci\u00f3n con un accesorio innovador y exclusivo? TERGO es m\u00e1s que un simple accesorio; es tu compa\u00f1ero de descanso perfecto. Dise\u00f1ado meticulosamente para fusionarse sin esfuerzo con tu toalla, TERGO eleva tu comodidad a nuevas alturas al proporcionar un respaldo [&hellip;]<\/p>\n","protected":false},"author":1,"featured_media":0,"parent":0,"menu_order":0,"comment_status":"closed","ping_status":"closed","template":"","meta":{"nf_dc_page":"","_et_pb_use_builder":"on","_et_pb_old_content":"","_et_gb_content_width":"","footnotes":""},"class_list":["post-45","page","type-page","status-publish","hentry"],"_links":{"self":[{"href":"https:\/\/mytergo.com\/en\/wp-json\/wp\/v2\/pages\/45","targetHints":{"allow":["GET"]}}],"collection":[{"href":"https:\/\/mytergo.com\/en\/wp-json\/wp\/v2\/pages"}],"about":[{"href":"https:\/\/mytergo.com\/en\/wp-json\/wp\/v2\/types\/page"}],"author":[{"embeddable":true,"href":"https:\/\/mytergo.com\/en\/wp-json\/wp\/v2\/users\/1"}],"replies":[{"embeddable":true,"href":"https:\/\/mytergo.com\/en\/wp-json\/wp\/v2\/comments?post=45"}],"version-history":[{"count":4,"href":"https:\/\/mytergo.com\/en\/wp-json\/wp\/v2\/pages\/45\/revisions"}],"predecessor-version":[{"id":380,"href":"https:\/\/mytergo.com\/en\/wp-json\/wp\/v2\/pages\/45\/revisions\/380"}],"wp:attachment":[{"href":"https:\/\/mytergo.com\/en\/wp-json\/wp\/v2\/media?parent=45"}],"curies":[{"name":"wp","href":"https:\/\/api.w.org\/{rel}","templated":true}]}}